{"id":688,"date":"2025-05-04T19:08:05","date_gmt":"2025-05-04T17:08:05","guid":{"rendered":"https:\/\/thomsen-foto.dk\/?page_id=688"},"modified":"2025-06-07T10:56:42","modified_gmt":"2025-06-07T08:56:42","slug":"bryllupsfotografering-esbjerg-blaavand-varde","status":"publish","type":"page","link":"https:\/\/thomsen-foto.dk\/index.php\/bryllupsfotografering-esbjerg-blaavand-varde\/","title":{"rendered":"Bryllupsfotografering"},"content":{"rendered":"<h3>Har du bruge for en fotograf til jeres Bryllup, s\u00e5 l\u00e6s mere <a href=\"https:\/\/fotograf-esbjerg.com\/\">her<\/a><\/h3>\n<h3>Bryllupsfotografering Esbjerg, Varde, Bl\u00e5vand mm.\u00a0<\/h3>\n\n\n<p><\/p>\n","protected":false},"excerpt":{"rendered":"<p>Har du bruge for en fotograf til jeres Bryllup, s\u00e5 l\u00e6s mere her Bryllupsfotografering Esbjerg, Varde, Bl\u00e5vand mm.\u00a0<\/p>\n","protected":false},"author":1,"featured_media":0,"parent":0,"menu_order":0,"comment_status":"closed","ping_status":"closed","template":"","meta":{"footnotes":""},"class_list":["post-688","page","type-page","status-publish","hentry"],"yoast_head":"<!-- This site is optimized with the Yoast SEO plugin v25.2 - https:\/\/yoast.com\/wordpress\/plugins\/seo\/ -->\n<title>Bryllupsfotografering - S\u00f8ren Thomsen Fotografering - Hobby Fotograf Esbjerg #Fotografering-Foto#<\/title>\n<meta name=\"description\" content=\"Har du bruge for en fotograf til jeres Bryllup. Bryllupsfotografering Esbjerg, Bl\u00e5vand, Varde mm..\" \/>\n<meta name=\"robots\" content=\"index, follow, max-snippet:-1, max-image-preview:large, max-video-preview:-1\" \/>\n<link rel=\"canonical\" href=\"https:\/\/thomsen-foto.dk\/index.php\/bryllupsfotografering-esbjerg-blaavand-varde\/\" \/>\n<meta property=\"og:locale\" content=\"da_DK\" \/>\n<meta property=\"og:type\" content=\"article\" \/>\n<meta property=\"og:title\" content=\"Bryllupsfotografering - S\u00f8ren Thomsen Fotografering - Hobby Fotograf Esbjerg #Fotografering-Foto#\" \/>\n<meta property=\"og:description\" content=\"Har du bruge for en fotograf til jeres Bryllup. Bryllupsfotografering Esbjerg, Bl\u00e5vand, Varde mm..\" \/>\n<meta property=\"og:url\" content=\"https:\/\/thomsen-foto.dk\/index.php\/bryllupsfotografering-esbjerg-blaavand-varde\/\" \/>\n<meta property=\"og:site_name\" content=\"S\u00f8ren Thomsen Fotografering - Hobby Fotograf Esbjerg #Fotografering-Foto#\" \/>\n<meta property=\"article:modified_time\" content=\"2025-06-07T08:56:42+00:00\" \/>\n<meta name=\"twitter:card\" content=\"summary_large_image\" \/>\n<meta name=\"twitter:label1\" content=\"Estimeret l\u00e6setid\" \/>\n\t<meta name=\"twitter:data1\" content=\"1 minut\" \/>\n<script type=\"application\/ld+json\" class=\"yoast-schema-graph\">{\"@context\":\"https:\/\/schema.org\",\"@graph\":[{\"@type\":\"WebPage\",\"@id\":\"https:\/\/thomsen-foto.dk\/index.php\/bryllupsfotografering-esbjerg-blaavand-varde\/\",\"url\":\"https:\/\/thomsen-foto.dk\/index.php\/bryllupsfotografering-esbjerg-blaavand-varde\/\",\"name\":\"Bryllupsfotografering - S\u00f8ren Thomsen Fotografering - Hobby Fotograf Esbjerg #Fotografering-Foto#\",\"isPartOf\":{\"@id\":\"https:\/\/thomsen-foto.dk\/#website\"},\"datePublished\":\"2025-05-04T17:08:05+00:00\",\"dateModified\":\"2025-06-07T08:56:42+00:00\",\"description\":\"Har du bruge for en fotograf til jeres Bryllup. Bryllupsfotografering Esbjerg, Bl\u00e5vand, Varde mm..\",\"breadcrumb\":{\"@id\":\"https:\/\/thomsen-foto.dk\/index.php\/bryllupsfotografering-esbjerg-blaavand-varde\/#breadcrumb\"},\"inLanguage\":\"da-DK\",\"potentialAction\":[{\"@type\":\"ReadAction\",\"target\":[\"https:\/\/thomsen-foto.dk\/index.php\/bryllupsfotografering-esbjerg-blaavand-varde\/\"]}]},{\"@type\":\"BreadcrumbList\",\"@id\":\"https:\/\/thomsen-foto.dk\/index.php\/bryllupsfotografering-esbjerg-blaavand-varde\/#breadcrumb\",\"itemListElement\":[{\"@type\":\"ListItem\",\"position\":1,\"name\":\"Hjem\",\"item\":\"https:\/\/thomsen-foto.dk\/\"},{\"@type\":\"ListItem\",\"position\":2,\"name\":\"Bryllupsfotografering\"}]},{\"@type\":\"WebSite\",\"@id\":\"https:\/\/thomsen-foto.dk\/#website\",\"url\":\"https:\/\/thomsen-foto.dk\/\",\"name\":\"S\u00f8ren Thomsen Fotografering - Hobby Fotograf Esbjerg #Fotografering-Foto#\",\"description\":\"Hobby fotograf fra Esbjerg. Portr\u00e6t fotos, Drone fotos, Fotografering Esbjerg og omegn.\",\"potentialAction\":[{\"@type\":\"SearchAction\",\"target\":{\"@type\":\"EntryPoint\",\"urlTemplate\":\"https:\/\/thomsen-foto.dk\/?s={search_term_string}\"},\"query-input\":{\"@type\":\"PropertyValueSpecification\",\"valueRequired\":true,\"valueName\":\"search_term_string\"}}],\"inLanguage\":\"da-DK\"}]}<\/script>\n<!-- \/ Yoast SEO plugin. -->","yoast_head_json":{"title":"Bryllupsfotografering - S\u00f8ren Thomsen Fotografering - Hobby Fotograf Esbjerg #Fotografering-Foto#","description":"Har du bruge for en fotograf til jeres Bryllup. Bryllupsfotografering Esbjerg, Bl\u00e5vand, Varde mm..","robots":{"index":"index","follow":"follow","max-snippet":"max-snippet:-1","max-image-preview":"max-image-preview:large","max-video-preview":"max-video-preview:-1"},"canonical":"https:\/\/thomsen-foto.dk\/index.php\/bryllupsfotografering-esbjerg-blaavand-varde\/","og_locale":"da_DK","og_type":"article","og_title":"Bryllupsfotografering - S\u00f8ren Thomsen Fotografering - Hobby Fotograf Esbjerg #Fotografering-Foto#","og_description":"Har du bruge for en fotograf til jeres Bryllup. Bryllupsfotografering Esbjerg, Bl\u00e5vand, Varde mm..","og_url":"https:\/\/thomsen-foto.dk\/index.php\/bryllupsfotografering-esbjerg-blaavand-varde\/","og_site_name":"S\u00f8ren Thomsen Fotografering - Hobby Fotograf Esbjerg #Fotografering-Foto#","article_modified_time":"2025-06-07T08:56:42+00:00","twitter_card":"summary_large_image","twitter_misc":{"Estimeret l\u00e6setid":"1 minut"},"schema":{"@context":"https:\/\/schema.org","@graph":[{"@type":"WebPage","@id":"https:\/\/thomsen-foto.dk\/index.php\/bryllupsfotografering-esbjerg-blaavand-varde\/","url":"https:\/\/thomsen-foto.dk\/index.php\/bryllupsfotografering-esbjerg-blaavand-varde\/","name":"Bryllupsfotografering - S\u00f8ren Thomsen Fotografering - Hobby Fotograf Esbjerg #Fotografering-Foto#","isPartOf":{"@id":"https:\/\/thomsen-foto.dk\/#website"},"datePublished":"2025-05-04T17:08:05+00:00","dateModified":"2025-06-07T08:56:42+00:00","description":"Har du bruge for en fotograf til jeres Bryllup. Bryllupsfotografering Esbjerg, Bl\u00e5vand, Varde mm..","breadcrumb":{"@id":"https:\/\/thomsen-foto.dk\/index.php\/bryllupsfotografering-esbjerg-blaavand-varde\/#breadcrumb"},"inLanguage":"da-DK","potentialAction":[{"@type":"ReadAction","target":["https:\/\/thomsen-foto.dk\/index.php\/bryllupsfotografering-esbjerg-blaavand-varde\/"]}]},{"@type":"BreadcrumbList","@id":"https:\/\/thomsen-foto.dk\/index.php\/bryllupsfotografering-esbjerg-blaavand-varde\/#breadcrumb","itemListElement":[{"@type":"ListItem","position":1,"name":"Hjem","item":"https:\/\/thomsen-foto.dk\/"},{"@type":"ListItem","position":2,"name":"Bryllupsfotografering"}]},{"@type":"WebSite","@id":"https:\/\/thomsen-foto.dk\/#website","url":"https:\/\/thomsen-foto.dk\/","name":"S\u00f8ren Thomsen Fotografering - Hobby Fotograf Esbjerg #Fotografering-Foto#","description":"Hobby fotograf fra Esbjerg. Portr\u00e6t fotos, Drone fotos, Fotografering Esbjerg og omegn.","potentialAction":[{"@type":"SearchAction","target":{"@type":"EntryPoint","urlTemplate":"https:\/\/thomsen-foto.dk\/?s={search_term_string}"},"query-input":{"@type":"PropertyValueSpecification","valueRequired":true,"valueName":"search_term_string"}}],"inLanguage":"da-DK"}]}},"_links":{"self":[{"href":"https:\/\/thomsen-foto.dk\/index.php\/wp-json\/wp\/v2\/pages\/688","targetHints":{"allow":["GET"]}}],"collection":[{"href":"https:\/\/thomsen-foto.dk\/index.php\/wp-json\/wp\/v2\/pages"}],"about":[{"href":"https:\/\/thomsen-foto.dk\/index.php\/wp-json\/wp\/v2\/types\/page"}],"author":[{"embeddable":true,"href":"https:\/\/thomsen-foto.dk\/index.php\/wp-json\/wp\/v2\/users\/1"}],"replies":[{"embeddable":true,"href":"https:\/\/thomsen-foto.dk\/index.php\/wp-json\/wp\/v2\/comments?post=688"}],"version-history":[{"count":7,"href":"https:\/\/thomsen-foto.dk\/index.php\/wp-json\/wp\/v2\/pages\/688\/revisions"}],"predecessor-version":[{"id":704,"href":"https:\/\/thomsen-foto.dk\/index.php\/wp-json\/wp\/v2\/pages\/688\/revisions\/704"}],"wp:attachment":[{"href":"https:\/\/thomsen-foto.dk\/index.php\/wp-json\/wp\/v2\/media?parent=688"}],"curies":[{"name":"wp","href":"https:\/\/api.w.org\/{rel}","templated":true}]}}